{"id":13387,"date":"2023-06-09T15:36:51","date_gmt":"2023-06-09T15:36:51","guid":{"rendered":"https:\/\/puissance-froid.fr\/?page_id=13387"},"modified":"2023-06-10T18:50:19","modified_gmt":"2023-06-10T18:50:19","slug":"aides-renovation-energetique","status":"publish","type":"page","link":"https:\/\/puissance-froid.fr\/?page_id=13387","title":{"rendered":"Aides r\u00e9novation \u00e9nerg\u00e9tique"},"content":{"rendered":"\t\t<div data-elementor-type=\"wp-page\" data-elementor-id=\"13387\" class=\"elementor elementor-13387\" data-elementor-post-type=\"page\">\n\t\t\t\t\t\t<section class=\"elementor-section elementor-top-section elementor-element elementor-element-641473e elementor-section-full_width elementor-section-height-default elementor-section-height-default\" data-id=\"641473e\" data-element_type=\"section\" data-e-type=\"section\">\n\t\t\t\t\t\t<div class=\"elementor-container elementor-column-gap-default\">\n\t\t\t\t\t<div class=\"elementor-column elementor-col-100 elementor-top-column elementor-element elementor-element-2da6881\" data-id=\"2da6881\" data-element_type=\"column\" data-e-type=\"column\">\n\t\t\t<div class=\"elementor-widget-wrap elementor-element-populated\">\n\t\t\t\t\t\t<div class=\"elementor-element elementor-element-cdd3a63 elementor-widget elementor-widget-image\" data-id=\"cdd3a63\" data-element_type=\"widget\" data-e-type=\"widget\" data-widget_type=\"image.default\">\n\t\t\t\t<div class=\"elementor-widget-container\">\n\t\t\t\t\t\t\t\t\t\t\t\t\t\t\t<img decoding=\"async\" src=\"https:\/\/puissance-froid.fr\/wp-content\/uploads\/elementor\/thumbs\/Affiche_renov_prime_page-scaled-q7ps5gtswul0rzbqv6aqk4pqz51swfsb38r3v8xuxk.jpg\" title=\"Print\" alt=\"Print\" loading=\"lazy\" \/>\t\t\t\t\t\t\t\t\t\t\t\t\t\t\t<\/div>\n\t\t\t\t<\/div>\n\t\t\t\t<section class=\"elementor-section elementor-inner-section elementor-element elementor-element-53df586 elementor-section-boxed elementor-section-height-default elementor-section-height-default\" data-id=\"53df586\" data-element_type=\"section\" data-e-type=\"section\">\n\t\t\t\t\t\t<div class=\"elementor-container elementor-column-gap-default\">\n\t\t\t\t\t<div class=\"elementor-column elementor-col-50 elementor-inner-column elementor-element elementor-element-a5542cb\" data-id=\"a5542cb\" data-element_type=\"column\" data-e-type=\"column\">\n\t\t\t<div class=\"elementor-widget-wrap elementor-element-populated\">\n\t\t\t\t\t\t<div class=\"elementor-element elementor-element-90dc685 elementor-widget elementor-widget-heading\" data-id=\"90dc685\" data-element_type=\"widget\" data-e-type=\"widget\" data-widget_type=\"heading.default\">\n\t\t\t\t<div class=\"elementor-widget-container\">\n\t\t\t\t\t<h4 class=\"elementor-heading-title elementor-size-default\">Quelles aides financi\u00e8res \u00eates-vous \u00e9ligible pour remplacer votre chaudi\u00e8re au gaz en 2023 ?<\/h4>\t\t\t\t<\/div>\n\t\t\t\t<\/div>\n\t\t\t\t<div class=\"elementor-element elementor-element-e3c09d2 elementor-widget elementor-widget-text-editor\" data-id=\"e3c09d2\" data-element_type=\"widget\" data-e-type=\"widget\" data-widget_type=\"text-editor.default\">\n\t\t\t\t<div class=\"elementor-widget-container\">\n\t\t\t\t\t\t\t\t\t<p>Vous chauffez toujours avec une <strong>chaudi\u00e8re \u00e0 gaz<\/strong> ou <strong>fioul<\/strong> ? Il est probablement temps pour vous de penser \u00e0 la plan\u00e8te et notamment \u00e0 votre portefeuille. Changer sa chaudi\u00e8re \u00e0 \u00e9nergie fossile peu performante pour un \u00e9quipement \u00e0 \u00e9nergie renouvelable repr\u00e9sente en moyenne, selon l\u2019Ademe, une <strong>\u00e9conomie de 900 \u00e0 1 200<\/strong> <strong>\u20ac<\/strong> <strong>par an<\/strong> sur la facture de chauffage d\u2019un m\u00e9nage. R\u00e9duire l\u2019utilisation de chaudi\u00e8res au fioul contribue aussi \u00e0 l\u2019am\u00e9lioration de la qualit\u00e9 de l\u2019air ambiant et \u00e0 la lutte contre le changement climatique.<\/p>\t\t\t\t\t\t\t\t<\/div>\n\t\t\t\t<\/div>\n\t\t\t\t<div class=\"elementor-element elementor-element-36157c5 elementor-widget elementor-widget-heading\" data-id=\"36157c5\" data-element_type=\"widget\" data-e-type=\"widget\" data-widget_type=\"heading.default\">\n\t\t\t\t<div class=\"elementor-widget-container\">\n\t\t\t\t\t<h4 class=\"elementor-heading-title elementor-size-default\"><em>Conditions d\u2019\u00e9ligibilit\u00e9 et les montants des Aides.<\/em><\/h4>\t\t\t\t<\/div>\n\t\t\t\t<\/div>\n\t\t\t\t<div class=\"elementor-element elementor-element-840fc91 elementor-widget elementor-widget-text-editor\" data-id=\"840fc91\" data-element_type=\"widget\" data-e-type=\"widget\" data-widget_type=\"text-editor.default\">\n\t\t\t\t<div class=\"elementor-widget-container\">\n\t\t\t\t\t\t\t\t\t<p>Comme vous le savez, le montants des aides \u00e0 la r\u00e9novation \u00e9nerg\u00e9tique et les conditions d&rsquo;\u00e9ligibilit\u00e9 sont amen\u00e9es \u00e0 \u00e9voluer souvent au cours de l&rsquo;ann\u00e9e.<\/p><p><em><strong>Le tableau ci-dessous r\u00e9sume les conditions d&rsquo;\u00e9ligibilit\u00e9 pour b\u00e9n\u00e9ficier de l&rsquo;aide \u00e0 la r\u00e9novation \u00e9nerg\u00e9tique dans le cadre de remplacement de votre syst\u00e8me de chauffage par un \u00e9quipement \u00e0 \u00e9nergie renouvelable.<\/strong> <\/em><span id=\"hs_cos_wrapper_post_body\" class=\"hs_cos_wrapper hs_cos_wrapper_meta_field hs_cos_wrapper_type_rich_text\" data-hs-cos-general-type=\"meta_field\" data-hs-cos-type=\"rich_text\"><\/span><\/p>\t\t\t\t\t\t\t\t<\/div>\n\t\t\t\t<\/div>\n\t\t\t\t\t<\/div>\n\t\t<\/div>\n\t\t\t\t<div class=\"elementor-column elementor-col-50 elementor-inner-column elementor-element elementor-element-6d8b0c9\" data-id=\"6d8b0c9\" data-element_type=\"column\" data-e-type=\"column\">\n\t\t\t<div class=\"elementor-widget-wrap elementor-element-populated\">\n\t\t\t\t\t\t<div class=\"elementor-element elementor-element-c537206 elementor-hidden-mobile elementor-widget elementor-widget-image\" data-id=\"c537206\" data-element_type=\"widget\" data-e-type=\"widget\" data-widget_type=\"image.default\">\n\t\t\t\t<div class=\"elementor-widget-container\">\n\t\t\t\t\t\t\t\t\t\t\t\t\t\t\t<img decoding=\"async\" src=\"https:\/\/puissance-froid.fr\/wp-content\/uploads\/elementor\/thumbs\/checking-conditioner-scaled-q5zakilg2139o3qwvt83zedhkgbcvsld6tvkz5azvk.jpg\" title=\"Checking conditioner\" alt=\"Young Asian technician checking conditioner in kitchen\" loading=\"lazy\" \/>\t\t\t\t\t\t\t\t\t\t\t\t\t\t\t<\/div>\n\t\t\t\t<\/div>\n\t\t\t\t\t<\/div>\n\t\t<\/div>\n\t\t\t\t\t<\/div>\n\t\t<\/section>\n\t\t\t\t\t<\/div>\n\t\t<\/div>\n\t\t\t\t\t<\/div>\n\t\t<\/section>\n\t\t\t\t<section class=\"elementor-section elementor-top-section elementor-element elementor-element-697077a elementor-section-boxed elementor-section-height-default elementor-section-height-default\" data-id=\"697077a\" data-element_type=\"section\" data-e-type=\"section\">\n\t\t\t\t\t\t<div class=\"elementor-container elementor-column-gap-default\">\n\t\t\t\t\t<div class=\"elementor-column elementor-col-100 elementor-top-column elementor-element elementor-element-1897ff6\" data-id=\"1897ff6\" data-element_type=\"column\" data-e-type=\"column\">\n\t\t\t<div class=\"elementor-widget-wrap elementor-element-populated\">\n\t\t\t\t\t\t<div class=\"elementor-element elementor-element-87265f1 elementor-hidden-mobile elementor-widget elementor-widget-image\" data-id=\"87265f1\" data-element_type=\"widget\" data-e-type=\"widget\" data-widget_type=\"image.default\">\n\t\t\t\t<div class=\"elementor-widget-container\">\n\t\t\t\t\t\t\t\t\t\t\t\t\t\t\t<img decoding=\"async\" src=\"https:\/\/puissance-froid.fr\/wp-content\/uploads\/elementor\/thumbs\/Aides_prime_Renov-q7rbp2then9yy636nj6i5fbws2v123lew18etnk090.png\" title=\"Aides_prime_R\u00e9nov\" alt=\"Aides_prime_R\u00e9nov\" loading=\"lazy\" \/>\t\t\t\t\t\t\t\t\t\t\t\t\t\t\t<\/div>\n\t\t\t\t<\/div>\n\t\t\t\t<div class=\"elementor-element elementor-element-b8e957f elementor-hidden-desktop elementor-hidden-tablet elementor-widget elementor-widget-image\" data-id=\"b8e957f\" data-element_type=\"widget\" data-e-type=\"widget\" data-widget_type=\"image.default\">\n\t\t\t\t<div class=\"elementor-widget-container\">\n\t\t\t\t\t\t\t\t\t\t\t\t\t\t\t<img decoding=\"async\" src=\"https:\/\/puissance-froid.fr\/wp-content\/uploads\/elementor\/thumbs\/Aides_publique-q7re9sm52jpwno86pdro764oo1tszikqgp4mbjmaqm.png\" title=\"Aides_publique\" alt=\"Aides_publique\" loading=\"lazy\" \/>\t\t\t\t\t\t\t\t\t\t\t\t\t\t\t<\/div>\n\t\t\t\t<\/div>\n\t\t\t\t<div class=\"elementor-element elementor-element-4a0bc1c elementor-hidden-desktop elementor-hidden-tablet elementor-widget elementor-widget-image\" data-id=\"4a0bc1c\" data-element_type=\"widget\" data-e-type=\"widget\" data-widget_type=\"image.default\">\n\t\t\t\t<div class=\"elementor-widget-container\">\n\t\t\t\t\t\t\t\t\t\t\t\t\t\t\t<img fetchpriority=\"high\" decoding=\"async\" width=\"1014\" height=\"1024\" src=\"https:\/\/puissance-froid.fr\/wp-content\/uploads\/2023\/06\/Aides_privee-1014x1024.png\" class=\"attachment-large size-large wp-image-13513\" alt=\"\" srcset=\"https:\/\/puissance-froid.fr\/wp-content\/uploads\/2023\/06\/Aides_privee-1014x1024.png 1014w, https:\/\/puissance-froid.fr\/wp-content\/uploads\/2023\/06\/Aides_privee-297x300.png 297w, https:\/\/puissance-froid.fr\/wp-content\/uploads\/2023\/06\/Aides_privee-150x150.png 150w, https:\/\/puissance-froid.fr\/wp-content\/uploads\/2023\/06\/Aides_privee-768x776.png 768w, https:\/\/puissance-froid.fr\/wp-content\/uploads\/2023\/06\/Aides_privee-1521x1536.png 1521w, https:\/\/puissance-froid.fr\/wp-content\/uploads\/2023\/06\/Aides_privee-600x606.png 600w, https:\/\/puissance-froid.fr\/wp-content\/uploads\/2023\/06\/Aides_privee-100x100.png 100w, https:\/\/puissance-froid.fr\/wp-content\/uploads\/2023\/06\/Aides_privee.png 1879w\" sizes=\"(max-width: 1014px) 100vw, 1014px\" \/>\t\t\t\t\t\t\t\t\t\t\t\t\t\t\t<\/div>\n\t\t\t\t<\/div>\n\t\t\t\t<div class=\"elementor-element elementor-element-be011df elementor-widget elementor-widget-text-editor\" data-id=\"be011df\" data-element_type=\"widget\" data-e-type=\"widget\" data-widget_type=\"text-editor.default\">\n\t\t\t\t<div class=\"elementor-widget-container\">\n\t\t\t\t\t\t\t\t\t<p><em>Voir conditions et sites internet. Les informations sont donn\u00e9es \u00e0 titre indicatif. Donn\u00e9es disponibles au 1er avril 2023, selon loi en vigueur. Retrouvez toutes les informations sur les sites internet list\u00e9s ci-dessous.<\/em><\/p>\t\t\t\t\t\t\t\t<\/div>\n\t\t\t\t<\/div>\n\t\t\t\t<div class=\"elementor-element elementor-element-77817f5 elementor-hidden-mobile elementor-widget elementor-widget-heading\" data-id=\"77817f5\" data-element_type=\"widget\" data-e-type=\"widget\" data-widget_type=\"heading.default\">\n\t\t\t\t<div class=\"elementor-widget-container\">\n\t\t\t\t\t<h3 class=\"elementor-heading-title elementor-size-default\">Plafonds de ressources \u00e0 ne pas d\u00e9passer par foyer fiscal<\/h3>\t\t\t\t<\/div>\n\t\t\t\t<\/div>\n\t\t\t\t<section class=\"elementor-section elementor-inner-section elementor-element elementor-element-5e3ab59 elementor-section-boxed elementor-section-height-default elementor-section-height-default\" data-id=\"5e3ab59\" data-element_type=\"section\" data-e-type=\"section\">\n\t\t\t\t\t\t<div class=\"elementor-container elementor-column-gap-default\">\n\t\t\t\t\t<div class=\"elementor-column elementor-col-50 elementor-inner-column elementor-element elementor-element-180dece\" data-id=\"180dece\" data-element_type=\"column\" data-e-type=\"column\">\n\t\t\t<div class=\"elementor-widget-wrap elementor-element-populated\">\n\t\t\t\t\t\t<div class=\"elementor-element elementor-element-1ce02da elementor-hidden-mobile elementor-widget elementor-widget-image\" data-id=\"1ce02da\" data-element_type=\"widget\" data-e-type=\"widget\" data-widget_type=\"image.default\">\n\t\t\t\t<div class=\"elementor-widget-container\">\n\t\t\t\t\t\t\t\t\t\t\t\t\t\t\t<img decoding=\"async\" width=\"1024\" height=\"871\" src=\"https:\/\/puissance-froid.fr\/wp-content\/uploads\/2023\/06\/Plafond_ile_de_france-1024x871.png\" class=\"attachment-large size-large wp-image-13539\" alt=\"\" srcset=\"https:\/\/puissance-froid.fr\/wp-content\/uploads\/2023\/06\/Plafond_ile_de_france-1024x871.png 1024w, https:\/\/puissance-froid.fr\/wp-content\/uploads\/2023\/06\/Plafond_ile_de_france-300x255.png 300w, https:\/\/puissance-froid.fr\/wp-content\/uploads\/2023\/06\/Plafond_ile_de_france-768x653.png 768w, https:\/\/puissance-froid.fr\/wp-content\/uploads\/2023\/06\/Plafond_ile_de_france-1536x1307.png 1536w, https:\/\/puissance-froid.fr\/wp-content\/uploads\/2023\/06\/Plafond_ile_de_france-600x511.png 600w, https:\/\/puissance-froid.fr\/wp-content\/uploads\/2023\/06\/Plafond_ile_de_france.png 1609w\" sizes=\"(max-width: 1024px) 100vw, 1024px\" \/>\t\t\t\t\t\t\t\t\t\t\t\t\t\t\t<\/div>\n\t\t\t\t<\/div>\n\t\t\t\t\t<\/div>\n\t\t<\/div>\n\t\t\t\t<div class=\"elementor-column elementor-col-50 elementor-inner-column elementor-element elementor-element-4838f4f\" data-id=\"4838f4f\" data-element_type=\"column\" data-e-type=\"column\">\n\t\t\t<div class=\"elementor-widget-wrap elementor-element-populated\">\n\t\t\t\t\t\t<div class=\"elementor-element elementor-element-ec6241c elementor-hidden-mobile elementor-widget elementor-widget-image\" data-id=\"ec6241c\" data-element_type=\"widget\" data-e-type=\"widget\" data-widget_type=\"image.default\">\n\t\t\t\t<div class=\"elementor-widget-container\">\n\t\t\t\t\t\t\t\t\t\t\t\t\t\t\t<img decoding=\"async\" width=\"1024\" height=\"864\" src=\"https:\/\/puissance-froid.fr\/wp-content\/uploads\/2023\/06\/Plafond_national-1024x864.png\" class=\"attachment-large size-large wp-image-13540\" alt=\"\" srcset=\"https:\/\/puissance-froid.fr\/wp-content\/uploads\/2023\/06\/Plafond_national-1024x864.png 1024w, https:\/\/puissance-froid.fr\/wp-content\/uploads\/2023\/06\/Plafond_national-300x253.png 300w, https:\/\/puissance-froid.fr\/wp-content\/uploads\/2023\/06\/Plafond_national-768x648.png 768w, https:\/\/puissance-froid.fr\/wp-content\/uploads\/2023\/06\/Plafond_national-1536x1295.png 1536w, https:\/\/puissance-froid.fr\/wp-content\/uploads\/2023\/06\/Plafond_national-600x506.png 600w, https:\/\/puissance-froid.fr\/wp-content\/uploads\/2023\/06\/Plafond_national.png 1634w\" sizes=\"(max-width: 1024px) 100vw, 1024px\" \/>\t\t\t\t\t\t\t\t\t\t\t\t\t\t\t<\/div>\n\t\t\t\t<\/div>\n\t\t\t\t\t<\/div>\n\t\t<\/div>\n\t\t\t\t\t<\/div>\n\t\t<\/section>\n\t\t\t\t<div class=\"elementor-element elementor-element-e1a3bd7 elementor-hidden-desktop elementor-hidden-tablet elementor-widget elementor-widget-heading\" data-id=\"e1a3bd7\" data-element_type=\"widget\" data-e-type=\"widget\" data-widget_type=\"heading.default\">\n\t\t\t\t<div class=\"elementor-widget-container\">\n\t\t\t\t\t<h3 class=\"elementor-heading-title elementor-size-default\">Plafonds de ressources \u00e0 ne pas d\u00e9passer par foyer fiscal\u200b<\/h3>\t\t\t\t<\/div>\n\t\t\t\t<\/div>\n\t\t\t\t<div class=\"elementor-element elementor-element-8c332c1 elementor-hidden-desktop elementor-hidden-tablet elementor-widget elementor-widget-image\" data-id=\"8c332c1\" data-element_type=\"widget\" data-e-type=\"widget\" data-widget_type=\"image.default\">\n\t\t\t\t<div class=\"elementor-widget-container\">\n\t\t\t\t\t\t\t\t\t\t\t\t\t\t\t<img decoding=\"async\" width=\"1024\" height=\"871\" src=\"https:\/\/puissance-froid.fr\/wp-content\/uploads\/2023\/06\/Plafond_ile_de_france-1024x871.png\" class=\"attachment-large size-large wp-image-13539\" alt=\"\" srcset=\"https:\/\/puissance-froid.fr\/wp-content\/uploads\/2023\/06\/Plafond_ile_de_france-1024x871.png 1024w, https:\/\/puissance-froid.fr\/wp-content\/uploads\/2023\/06\/Plafond_ile_de_france-300x255.png 300w, https:\/\/puissance-froid.fr\/wp-content\/uploads\/2023\/06\/Plafond_ile_de_france-768x653.png 768w, https:\/\/puissance-froid.fr\/wp-content\/uploads\/2023\/06\/Plafond_ile_de_france-1536x1307.png 1536w, https:\/\/puissance-froid.fr\/wp-content\/uploads\/2023\/06\/Plafond_ile_de_france-600x511.png 600w, https:\/\/puissance-froid.fr\/wp-content\/uploads\/2023\/06\/Plafond_ile_de_france.png 1609w\" sizes=\"(max-width: 1024px) 100vw, 1024px\" \/>\t\t\t\t\t\t\t\t\t\t\t\t\t\t\t<\/div>\n\t\t\t\t<\/div>\n\t\t\t\t<div class=\"elementor-element elementor-element-8d1de47 elementor-hidden-desktop elementor-hidden-tablet elementor-widget elementor-widget-image\" data-id=\"8d1de47\" data-element_type=\"widget\" data-e-type=\"widget\" data-widget_type=\"image.default\">\n\t\t\t\t<div class=\"elementor-widget-container\">\n\t\t\t\t\t\t\t\t\t\t\t\t\t\t\t<img decoding=\"async\" width=\"1024\" height=\"864\" src=\"https:\/\/puissance-froid.fr\/wp-content\/uploads\/2023\/06\/Plafond_national-1024x864.png\" class=\"attachment-large size-large wp-image-13540\" alt=\"\" srcset=\"https:\/\/puissance-froid.fr\/wp-content\/uploads\/2023\/06\/Plafond_national-1024x864.png 1024w, https:\/\/puissance-froid.fr\/wp-content\/uploads\/2023\/06\/Plafond_national-300x253.png 300w, https:\/\/puissance-froid.fr\/wp-content\/uploads\/2023\/06\/Plafond_national-768x648.png 768w, https:\/\/puissance-froid.fr\/wp-content\/uploads\/2023\/06\/Plafond_national-1536x1295.png 1536w, https:\/\/puissance-froid.fr\/wp-content\/uploads\/2023\/06\/Plafond_national-600x506.png 600w, https:\/\/puissance-froid.fr\/wp-content\/uploads\/2023\/06\/Plafond_national.png 1634w\" sizes=\"(max-width: 1024px) 100vw, 1024px\" \/>\t\t\t\t\t\t\t\t\t\t\t\t\t\t\t<\/div>\n\t\t\t\t<\/div>\n\t\t\t\t<div class=\"elementor-element elementor-element-3a5c625 elementor-widget elementor-widget-heading\" data-id=\"3a5c625\" data-element_type=\"widget\" data-e-type=\"widget\" data-widget_type=\"heading.default\">\n\t\t\t\t<div class=\"elementor-widget-container\">\n\t\t\t\t\t<h3 class=\"elementor-heading-title elementor-size-default\">Liens Utiles :<\/h3>\t\t\t\t<\/div>\n\t\t\t\t<\/div>\n\t\t\t\t<div class=\"elementor-element elementor-element-8827622 elementor-widget elementor-widget-heading\" data-id=\"8827622\" data-element_type=\"widget\" data-e-type=\"widget\" data-widget_type=\"heading.default\">\n\t\t\t\t<div class=\"elementor-widget-container\">\n\t\t\t\t\t<h6 class=\"elementor-heading-title elementor-size-default\"><a href=\"https:\/\/www.maprimerenov.gouv.fr\" target=\"_blank\">MaPrimeR\u00e9nov' : https:\/\/www.maprimerenov.gouv.fr<\/a><\/h6>\t\t\t\t<\/div>\n\t\t\t\t<\/div>\n\t\t\t\t<div class=\"elementor-element elementor-element-4ac1127 elementor-widget elementor-widget-heading\" data-id=\"4ac1127\" data-element_type=\"widget\" data-e-type=\"widget\" data-widget_type=\"heading.default\">\n\t\t\t\t<div class=\"elementor-widget-container\">\n\t\t\t\t\t<h6 class=\"elementor-heading-title elementor-size-default\"><a href=\"https:\/\/www.ecologie.gouv.fr\/prime-chaudieres#calcul-prime-simulateur\" target=\"_blank\">Prime coup de pouce CEE : https:\/\/www.ecologie.gouv.fr\/prime-chaudieres#calcul-prime-simulateur<\/a><\/h6>\t\t\t\t<\/div>\n\t\t\t\t<\/div>\n\t\t\t\t<div class=\"elementor-element elementor-element-98b1b70 elementor-widget elementor-widget-heading\" data-id=\"98b1b70\" data-element_type=\"widget\" data-e-type=\"widget\" data-widget_type=\"heading.default\">\n\t\t\t\t<div class=\"elementor-widget-container\">\n\t\t\t\t\t<h6 class=\"elementor-heading-title elementor-size-default\"><a href=\"https:\/\/www.france-renov.gouv.fr\" target=\"_blank\">Pr\u00eat Avance R\u00e9novation : https:\/\/www.france-renov.gouv.fr<\/a><\/h6>\t\t\t\t<\/div>\n\t\t\t\t<\/div>\n\t\t\t\t<div class=\"elementor-element elementor-element-424a4be elementor-widget elementor-widget-heading\" data-id=\"424a4be\" data-element_type=\"widget\" data-e-type=\"widget\" data-widget_type=\"heading.default\">\n\t\t\t\t<div class=\"elementor-widget-container\">\n\t\t\t\t\t<h6 class=\"elementor-heading-title elementor-size-default\"><a href=\"https:\/\/www.service-public.fr\/professionnels-entreprises\/vosdroits\/F23568\" target=\"_blank\">TVA taux r\u00e9duit : https:\/\/www.service-public.fr\/professionnels-entreprises\/vosdroits\/F23568<\/a><\/h6>\t\t\t\t<\/div>\n\t\t\t\t<\/div>\n\t\t\t\t<div class=\"elementor-element elementor-element-39f87d5 elementor-widget elementor-widget-heading\" data-id=\"39f87d5\" data-element_type=\"widget\" data-e-type=\"widget\" data-widget_type=\"heading.default\">\n\t\t\t\t<div class=\"elementor-widget-container\">\n\t\t\t\t\t<h6 class=\"elementor-heading-title elementor-size-default\"><a href=\"\" target=\"_blank\">\u00e9co-pr\u00eat \u00e0 taux z\u00e9ro : https:\/\/www.service-public.fr\/particuliers\/vosdroits\/F19905<\/a><\/h6>\t\t\t\t<\/div>\n\t\t\t\t<\/div>\n\t\t\t\t\t<\/div>\n\t\t<\/div>\n\t\t\t\t\t<\/div>\n\t\t<\/section>\n\t\t\t\t<\/div>\n\t\t","protected":false},"excerpt":{"rendered":"<p>Quelles aides financi\u00e8res \u00eates-vous \u00e9ligible pour remplacer votre chaudi\u00e8re au gaz en 2023 ? Vous chauffez toujours avec une chaudi\u00e8re \u00e0 gaz ou fioul ? Il est probablement temps pour vous de penser \u00e0 la plan\u00e8te et notamment \u00e0 votre portefeuille. Changer sa chaudi\u00e8re \u00e0 \u00e9nergie fossile peu performante pour un \u00e9quipement \u00e0 \u00e9nergie renouvelable&#8230;<\/p>\n","protected":false},"author":1,"featured_media":0,"parent":0,"menu_order":0,"comment_status":"closed","ping_status":"closed","template":"","meta":{"_tbt_post_transparent":"","_tbt_post_title":"hide","_tbt_post_layout":"fullwidth","_tbt_post_sidebar_id":"","_tbt_post_content_style":"unboxed","_tbt_post_vertical_padding":"hide","_tbt_post_feature":"hide","_tbt_post_feature_position":"","_tbt_post_header":false,"_tbt_post_footer":false},"class_list":["post-13387","page","type-page","status-publish","hentry"],"aioseo_notices":[],"_links":{"self":[{"href":"https:\/\/puissance-froid.fr\/index.php?rest_route=\/wp\/v2\/pages\/13387","targetHints":{"allow":["GET"]}}],"collection":[{"href":"https:\/\/puissance-froid.fr\/index.php?rest_route=\/wp\/v2\/pages"}],"about":[{"href":"https:\/\/puissance-froid.fr\/index.php?rest_route=\/wp\/v2\/types\/page"}],"author":[{"embeddable":true,"href":"https:\/\/puissance-froid.fr\/index.php?rest_route=\/wp\/v2\/users\/1"}],"replies":[{"embeddable":true,"href":"https:\/\/puissance-froid.fr\/index.php?rest_route=%2Fwp%2Fv2%2Fcomments&post=13387"}],"version-history":[{"count":124,"href":"https:\/\/puissance-froid.fr\/index.php?rest_route=\/wp\/v2\/pages\/13387\/revisions"}],"predecessor-version":[{"id":13573,"href":"https:\/\/puissance-froid.fr\/index.php?rest_route=\/wp\/v2\/pages\/13387\/revisions\/13573"}],"wp:attachment":[{"href":"https:\/\/puissance-froid.fr\/index.php?rest_route=%2Fwp%2Fv2%2Fmedia&parent=13387"}],"curies":[{"name":"wp","href":"https:\/\/api.w.org\/{rel}","templated":true}]}}