{"id":13586,"date":"2023-06-18T18:36:05","date_gmt":"2023-06-18T18:36:05","guid":{"rendered":"https:\/\/puissance-froid.fr\/?page_id=13586"},"modified":"2023-08-07T17:37:30","modified_gmt":"2023-08-07T17:37:30","slug":"conditions-generales-de-vente","status":"publish","type":"page","link":"https:\/\/puissance-froid.fr\/?page_id=13586","title":{"rendered":"Conditions g\u00e9n\u00e9rales de vente"},"content":{"rendered":"\t\t<div data-elementor-type=\"wp-page\" data-elementor-id=\"13586\" class=\"elementor elementor-13586\" data-elementor-post-type=\"page\">\n\t\t\t\t\t\t<section class=\"elementor-section elementor-top-section elementor-element elementor-element-641473e elementor-section-full_width elementor-section-height-default elementor-section-height-default\" data-id=\"641473e\" data-element_type=\"section\" data-e-type=\"section\">\n\t\t\t\t\t\t<div class=\"elementor-container elementor-column-gap-default\">\n\t\t\t\t\t<div class=\"elementor-column elementor-col-100 elementor-top-column elementor-element elementor-element-2da6881\" data-id=\"2da6881\" data-element_type=\"column\" data-e-type=\"column\">\n\t\t\t<div class=\"elementor-widget-wrap elementor-element-populated\">\n\t\t\t\t\t\t<div class=\"elementor-element elementor-element-cdd3a63 elementor-widget elementor-widget-image\" data-id=\"cdd3a63\" data-element_type=\"widget\" data-e-type=\"widget\" data-widget_type=\"image.default\">\n\t\t\t\t<div class=\"elementor-widget-container\">\n\t\t\t\t\t\t\t\t\t\t\t\t\t\t\t<img fetchpriority=\"high\" decoding=\"async\" width=\"1903\" height=\"350\" src=\"https:\/\/puissance-froid.fr\/wp-content\/uploads\/2022\/06\/breadcrumb-bg.jpg\" class=\"attachment-full size-full wp-image-11420\" alt=\"\" srcset=\"https:\/\/puissance-froid.fr\/wp-content\/uploads\/2022\/06\/breadcrumb-bg.jpg 1903w, https:\/\/puissance-froid.fr\/wp-content\/uploads\/2022\/06\/breadcrumb-bg-600x110.jpg 600w, https:\/\/puissance-froid.fr\/wp-content\/uploads\/2022\/06\/breadcrumb-bg-300x55.jpg 300w, https:\/\/puissance-froid.fr\/wp-content\/uploads\/2022\/06\/breadcrumb-bg-1024x188.jpg 1024w, https:\/\/puissance-froid.fr\/wp-content\/uploads\/2022\/06\/breadcrumb-bg-768x141.jpg 768w, https:\/\/puissance-froid.fr\/wp-content\/uploads\/2022\/06\/breadcrumb-bg-1536x283.jpg 1536w\" sizes=\"(max-width: 1903px) 100vw, 1903px\" \/>\t\t\t\t\t\t\t\t\t\t\t\t\t\t\t<\/div>\n\t\t\t\t<\/div>\n\t\t\t\t<div class=\"elementor-element elementor-element-636c032 elementor-widget elementor-widget-heading\" data-id=\"636c032\" data-element_type=\"widget\" data-e-type=\"widget\" data-widget_type=\"heading.default\">\n\t\t\t\t<div class=\"elementor-widget-container\">\n\t\t\t\t\t<h2 class=\"elementor-heading-title elementor-size-default\">Conditions g\u00e9n\u00e9rales de vente<\/h2>\t\t\t\t<\/div>\n\t\t\t\t<\/div>\n\t\t\t\t<section class=\"elementor-section elementor-inner-section elementor-element elementor-element-53df586 elementor-section-boxed elementor-section-height-default elementor-section-height-default\" data-id=\"53df586\" data-element_type=\"section\" data-e-type=\"section\">\n\t\t\t\t\t\t<div class=\"elementor-container elementor-column-gap-default\">\n\t\t\t\t\t<div class=\"elementor-column elementor-col-100 elementor-inner-column elementor-element elementor-element-a5542cb\" data-id=\"a5542cb\" data-element_type=\"column\" data-e-type=\"column\">\n\t\t\t<div class=\"elementor-widget-wrap elementor-element-populated\">\n\t\t\t\t\t\t<div class=\"elementor-element elementor-element-90dc685 elementor-widget elementor-widget-heading\" data-id=\"90dc685\" data-element_type=\"widget\" data-e-type=\"widget\" data-widget_type=\"heading.default\">\n\t\t\t\t<div class=\"elementor-widget-container\">\n\t\t\t\t\t<h3 class=\"elementor-heading-title elementor-size-default\">Delais :<\/h3>\t\t\t\t<\/div>\n\t\t\t\t<\/div>\n\t\t\t\t<div class=\"elementor-element elementor-element-e3c09d2 elementor-widget elementor-widget-text-editor\" data-id=\"e3c09d2\" data-element_type=\"widget\" data-e-type=\"widget\" data-widget_type=\"text-editor.default\">\n\t\t\t\t<div class=\"elementor-widget-container\">\n\t\t\t\t\t\t\t\t\t<p>A convenir entre les parties selon la disponibilit\u00e9 du mat\u00e9riel et la charge de travail de l&rsquo;entreprise.<\/p>\t\t\t\t\t\t\t\t<\/div>\n\t\t\t\t<\/div>\n\t\t\t\t<div class=\"elementor-element elementor-element-2e4c057 elementor-widget elementor-widget-heading\" data-id=\"2e4c057\" data-element_type=\"widget\" data-e-type=\"widget\" data-widget_type=\"heading.default\">\n\t\t\t\t<div class=\"elementor-widget-container\">\n\t\t\t\t\t<h3 class=\"elementor-heading-title elementor-size-default\">CONDITIONS DE PAIEMENT :<\/h3>\t\t\t\t<\/div>\n\t\t\t\t<\/div>\n\t\t\t\t<div class=\"elementor-element elementor-element-dffaebf elementor-widget elementor-widget-text-editor\" data-id=\"dffaebf\" data-element_type=\"widget\" data-e-type=\"widget\" data-widget_type=\"text-editor.default\">\n\t\t\t\t<div class=\"elementor-widget-container\">\n\t\t\t\t\t\t\t\t\t<p>40 % \u00e0 la commande par ch\u00e8que, solde \u00e0 la fin des travaux.<\/p>\t\t\t\t\t\t\t\t<\/div>\n\t\t\t\t<\/div>\n\t\t\t\t<div class=\"elementor-element elementor-element-d875982 elementor-widget elementor-widget-heading\" data-id=\"d875982\" data-element_type=\"widget\" data-e-type=\"widget\" data-widget_type=\"heading.default\">\n\t\t\t\t<div class=\"elementor-widget-container\">\n\t\t\t\t\t<h3 class=\"elementor-heading-title elementor-size-default\">CONDITIONS D\u2019ACCEPTATION :<\/h3>\t\t\t\t<\/div>\n\t\t\t\t<\/div>\n\t\t\t\t<div class=\"elementor-element elementor-element-e0bc004 elementor-widget elementor-widget-text-editor\" data-id=\"e0bc004\" data-element_type=\"widget\" data-e-type=\"widget\" data-widget_type=\"text-editor.default\">\n\t\t\t\t<div class=\"elementor-widget-container\">\n\t\t\t\t\t\t\t\t\t<p>Ce devis est valable dans sa totalit\u00e9 sans modification ni d\u2019acceptation partielle, sauf \u00e9crit du r\u00e9dacteur.<\/p>\t\t\t\t\t\t\t\t<\/div>\n\t\t\t\t<\/div>\n\t\t\t\t<div class=\"elementor-element elementor-element-9841816 elementor-widget elementor-widget-heading\" data-id=\"9841816\" data-element_type=\"widget\" data-e-type=\"widget\" data-widget_type=\"heading.default\">\n\t\t\t\t<div class=\"elementor-widget-container\">\n\t\t\t\t\t<h3 class=\"elementor-heading-title elementor-size-default\">GARANTIES\nPOUR LES PROFESSIONNELS :<\/h3>\t\t\t\t<\/div>\n\t\t\t\t<\/div>\n\t\t\t\t<div class=\"elementor-element elementor-element-687e07e elementor-widget elementor-widget-text-editor\" data-id=\"687e07e\" data-element_type=\"widget\" data-e-type=\"widget\" data-widget_type=\"text-editor.default\">\n\t\t\t\t<div class=\"elementor-widget-container\">\n\t\t\t\t\t\t\t\t\t<p>Nous reportons les conditions de chaque constructeur.<br \/>1 an pour le mat\u00e9riel \u00e9lectrique, 2 ans pour le corps de chauffe des chaudi\u00e8res sauf conditions particuli\u00e8res du constructeur et du type de chaudi\u00e8res (\u00e0 l&rsquo;exclusion des probl\u00e8mes caus\u00e9s par les boues et le tartre). Dans tous les cas, la main d\u2019oeuvre n&rsquo;est pas comprise dans les clauses de garanties.<\/p>\t\t\t\t\t\t\t\t<\/div>\n\t\t\t\t<\/div>\n\t\t\t\t<div class=\"elementor-element elementor-element-9e9dc8b elementor-widget elementor-widget-heading\" data-id=\"9e9dc8b\" data-element_type=\"widget\" data-e-type=\"widget\" data-widget_type=\"heading.default\">\n\t\t\t\t<div class=\"elementor-widget-container\">\n\t\t\t\t\t<h3 class=\"elementor-heading-title elementor-size-default\">GARANTIES L\u00c9GALES DE CONFORMIT\u00c9 POUR LE CONSOMMATEUR :<\/h3>\t\t\t\t<\/div>\n\t\t\t\t<\/div>\n\t\t\t\t<div class=\"elementor-element elementor-element-a5e9921 elementor-widget elementor-widget-text-editor\" data-id=\"a5e9921\" data-element_type=\"widget\" data-e-type=\"widget\" data-widget_type=\"text-editor.default\">\n\t\t\t\t<div class=\"elementor-widget-container\">\n\t\t\t\t\t\t\t\t\t<p>Le consommateur :<br \/>&#8211; B\u00e9n\u00e9ficie d\u2019un d\u00e9lai de 2 ans \u00e0 compter de la d\u00e9livrance du bien pour agir ;<br \/>&#8211; Peut choisir entre la r\u00e9paration ou le remplacement du bien, sous r\u00e9serve des conditions de co\u00fbt pr\u00e9vues par l\u2019article L.211-9 du code de la consommation ;<br \/>&#8211; Est dispens\u00e9 de rapporter la preuve de l\u2019existence du d\u00e9faut de conformit\u00e9 du bien durant les six mois suivant la d\u00e9livrance du bien. Ce d\u00e9lai est port\u00e9 \u00e0 vingt quatre mois \u00e0 compter du 18 mars 2016, sauf pour les biens d\u2019occasion.<br \/>&#8211; Ce m\u00eame encadr\u00e9 rappelle que la garantie l\u00e9gale de conformit\u00e9 s\u2019applique ind\u00e9pendamment de la garantie commerciale \u00e9ventuellement consentie.<br \/>&#8211; Il rappelle, enfin, que le consommateur peut d\u00e9cider de mettre en \u0153uvre la garantie contre les d\u00e9fauts cach\u00e9s de la chose vendue au sens de l\u2019article 1641 du code civil et que dans cette hypoth\u00e8se, il peut choisir entre la r\u00e9solution de la vente ou une r\u00e9duction de prix de vente conform\u00e9ment \u00e0 l\u2019article 1644 du code civil.<\/p>\t\t\t\t\t\t\t\t<\/div>\n\t\t\t\t<\/div>\n\t\t\t\t<div class=\"elementor-element elementor-element-6fdada1 elementor-widget elementor-widget-heading\" data-id=\"6fdada1\" data-element_type=\"widget\" data-e-type=\"widget\" data-widget_type=\"heading.default\">\n\t\t\t\t<div class=\"elementor-widget-container\">\n\t\t\t\t\t<h3 class=\"elementor-heading-title elementor-size-default\">GESTION DES DECHETS :<\/h3>\t\t\t\t<\/div>\n\t\t\t\t<\/div>\n\t\t\t\t<div class=\"elementor-element elementor-element-a859d17 elementor-widget elementor-widget-text-editor\" data-id=\"a859d17\" data-element_type=\"widget\" data-e-type=\"widget\" data-widget_type=\"text-editor.default\">\n\t\t\t\t<div class=\"elementor-widget-container\">\n\t\t\t\t\t\t\t\t\t<p>Sauf indication contraire, le traitement et le recyclage des d\u00e9chets sont inclus dans nos tarifs.<\/p>\t\t\t\t\t\t\t\t<\/div>\n\t\t\t\t<\/div>\n\t\t\t\t<div class=\"elementor-element elementor-element-7087561 elementor-widget elementor-widget-heading\" data-id=\"7087561\" data-element_type=\"widget\" data-e-type=\"widget\" data-widget_type=\"heading.default\">\n\t\t\t\t<div class=\"elementor-widget-container\">\n\t\t\t\t\t<h3 class=\"elementor-heading-title elementor-size-default\">TRAVAUX NON COMPRIS :<\/h3>\t\t\t\t<\/div>\n\t\t\t\t<\/div>\n\t\t\t\t<div class=\"elementor-element elementor-element-5914912 elementor-widget elementor-widget-text-editor\" data-id=\"5914912\" data-element_type=\"widget\" data-e-type=\"widget\" data-widget_type=\"text-editor.default\">\n\t\t\t\t<div class=\"elementor-widget-container\">\n\t\t\t\t\t\t\t\t\t<p>Tous travaux non d\u00e9crits dans notre devis ainsi que toutes interventions sur installations ou mat\u00e9riels existants poss\u00e9dant des vices cach\u00e9s non visibles ou non d\u00e9clar\u00e9s \u00e0 la date de l&rsquo;\u00e9tablissement de ce devis.<\/p>\t\t\t\t\t\t\t\t<\/div>\n\t\t\t\t<\/div>\n\t\t\t\t<div class=\"elementor-element elementor-element-274efba elementor-widget elementor-widget-heading\" data-id=\"274efba\" data-element_type=\"widget\" data-e-type=\"widget\" data-widget_type=\"heading.default\">\n\t\t\t\t<div class=\"elementor-widget-container\">\n\t\t\t\t\t<h3 class=\"elementor-heading-title elementor-size-default\">REVISION DES PRIX :<\/h3>\t\t\t\t<\/div>\n\t\t\t\t<\/div>\n\t\t\t\t<div class=\"elementor-element elementor-element-797ebc6 elementor-widget elementor-widget-text-editor\" data-id=\"797ebc6\" data-element_type=\"widget\" data-e-type=\"widget\" data-widget_type=\"text-editor.default\">\n\t\t\t\t<div class=\"elementor-widget-container\">\n\t\t\t\t\t\t\t\t\t<p>Nos prix sont calcul\u00e9s selon les indices et les conditions \u00e9conomiques connus \u00e0 la date du devis, ils peuvent \u00eatre r\u00e9vis\u00e9s \u00e0 la commande.<br \/>Ces prix seront r\u00e9vis\u00e9s (sauf accord commercial) d\u00e8s que la dur\u00e9e de validit\u00e9 de l\u2019offre est d\u00e9pass\u00e9e.<br \/>D\u00e9lai de validit\u00e9 du devis : 45 jours (sauf accord contraire).<\/p>\t\t\t\t\t\t\t\t<\/div>\n\t\t\t\t<\/div>\n\t\t\t\t<div class=\"elementor-element elementor-element-02d71f6 elementor-widget elementor-widget-heading\" data-id=\"02d71f6\" data-element_type=\"widget\" data-e-type=\"widget\" data-widget_type=\"heading.default\">\n\t\t\t\t<div class=\"elementor-widget-container\">\n\t\t\t\t\t<h3 class=\"elementor-heading-title elementor-size-default\">CLAUSES DE R\u00c9SERVE DE PROPRI\u00c9T\u00c9 :<\/h3>\t\t\t\t<\/div>\n\t\t\t\t<\/div>\n\t\t\t\t<div class=\"elementor-element elementor-element-7da15e6 elementor-widget elementor-widget-text-editor\" data-id=\"7da15e6\" data-element_type=\"widget\" data-e-type=\"widget\" data-widget_type=\"text-editor.default\">\n\t\t\t\t<div class=\"elementor-widget-container\">\n\t\t\t\t\t\t\t\t\t<p>Le transfert de propri\u00e9t\u00e9 de la chose vendue est subordonn\u00e9 au paiement du prix \u00e0 l&rsquo;\u00e9ch\u00e9ance par l&rsquo;acheteur. Toutefois, les risques sont transf\u00e9r\u00e9s d\u00e8s la livraison.<br \/>Dans le cas o\u00f9 le paiement n&rsquo;interviendrait pas dans le d\u00e9lai pr\u00e9vu par les Parties, le vendeur se r\u00e9serve le droit de reprendre choses livr\u00e9es et, si bon lui semble, de r\u00e9soudre le contrat.<\/p>\t\t\t\t\t\t\t\t<\/div>\n\t\t\t\t<\/div>\n\t\t\t\t<div class=\"elementor-element elementor-element-aa0c58b elementor-widget elementor-widget-heading\" data-id=\"aa0c58b\" data-element_type=\"widget\" data-e-type=\"widget\" data-widget_type=\"heading.default\">\n\t\t\t\t<div class=\"elementor-widget-container\">\n\t\t\t\t\t<h3 class=\"elementor-heading-title elementor-size-default\">MEDIATION :<\/h3>\t\t\t\t<\/div>\n\t\t\t\t<\/div>\n\t\t\t\t<div class=\"elementor-element elementor-element-f14538d elementor-widget elementor-widget-text-editor\" data-id=\"f14538d\" data-element_type=\"widget\" data-e-type=\"widget\" data-widget_type=\"text-editor.default\">\n\t\t\t\t<div class=\"elementor-widget-container\">\n\t\t\t\t\t\t\t\t\t<p>&#8212;<\/p>\t\t\t\t\t\t\t\t<\/div>\n\t\t\t\t<\/div>\n\t\t\t\t\t<\/div>\n\t\t<\/div>\n\t\t\t\t\t<\/div>\n\t\t<\/section>\n\t\t\t\t\t<\/div>\n\t\t<\/div>\n\t\t\t\t\t<\/div>\n\t\t<\/section>\n\t\t\t\t<\/div>\n\t\t","protected":false},"excerpt":{"rendered":"<p>Conditions g\u00e9n\u00e9rales de vente Delais : A convenir entre les parties selon la disponibilit\u00e9 du mat\u00e9riel et la charge de travail de l&rsquo;entreprise. CONDITIONS DE PAIEMENT : 40 % \u00e0 la commande par ch\u00e8que, solde \u00e0 la fin des travaux. CONDITIONS D\u2019ACCEPTATION : Ce devis est valable dans sa totalit\u00e9 sans modification ni d\u2019acceptation partielle,&#8230;<\/p>\n","protected":false},"author":1,"featured_media":0,"parent":0,"menu_order":0,"comment_status":"closed","ping_status":"closed","template":"","meta":{"_tbt_post_transparent":"","_tbt_post_title":"hide","_tbt_post_layout":"fullwidth","_tbt_post_sidebar_id":"","_tbt_post_content_style":"unboxed","_tbt_post_vertical_padding":"hide","_tbt_post_feature":"hide","_tbt_post_feature_position":"","_tbt_post_header":false,"_tbt_post_footer":false},"class_list":["post-13586","page","type-page","status-publish","hentry"],"aioseo_notices":[],"_links":{"self":[{"href":"https:\/\/puissance-froid.fr\/index.php?rest_route=\/wp\/v2\/pages\/13586","targetHints":{"allow":["GET"]}}],"collection":[{"href":"https:\/\/puissance-froid.fr\/index.php?rest_route=\/wp\/v2\/pages"}],"about":[{"href":"https:\/\/puissance-froid.fr\/index.php?rest_route=\/wp\/v2\/types\/page"}],"author":[{"embeddable":true,"href":"https:\/\/puissance-froid.fr\/index.php?rest_route=\/wp\/v2\/users\/1"}],"replies":[{"embeddable":true,"href":"https:\/\/puissance-froid.fr\/index.php?rest_route=%2Fwp%2Fv2%2Fcomments&post=13586"}],"version-history":[{"count":16,"href":"https:\/\/puissance-froid.fr\/index.php?rest_route=\/wp\/v2\/pages\/13586\/revisions"}],"predecessor-version":[{"id":14048,"href":"https:\/\/puissance-froid.fr\/index.php?rest_route=\/wp\/v2\/pages\/13586\/revisions\/14048"}],"wp:attachment":[{"href":"https:\/\/puissance-froid.fr\/index.php?rest_route=%2Fwp%2Fv2%2Fmedia&parent=13586"}],"curies":[{"name":"wp","href":"https:\/\/api.w.org\/{rel}","templated":true}]}}